{"id":2210,"date":"2023-02-16T17:26:38","date_gmt":"2023-02-16T17:26:38","guid":{"rendered":"https:\/\/portodegalinhas.store\/?page_id=2210"},"modified":"2023-02-16T17:33:07","modified_gmt":"2023-02-16T17:33:07","slug":"ilha-de-santo-aleixo","status":"publish","type":"page","link":"https:\/\/portodegalinhas.store\/index.php\/ilha-de-santo-aleixo\/","title":{"rendered":"Ilha de Santo Aleixo"},"content":{"rendered":"\t\t<div data-elementor-type=\"wp-page\" data-elementor-id=\"2210\" class=\"elementor elementor-2210\">\n\t\t\t\t\t\t\t\t\t<section class=\"elementor-section elementor-top-section elementor-element elementor-element-5e847fa elementor-section-boxed elementor-section-height-default elementor-section-height-default\" data-id=\"5e847fa\" data-element_type=\"section\" data-settings=\"{&quot;background_background&quot;:&quot;classic&quot;}\">\n\t\t\t\t\t\t<div class=\"elementor-container elementor-column-gap-default\">\n\t\t\t\t\t<div class=\"elementor-column elementor-col-100 elementor-top-column elementor-element elementor-element-744d968\" data-id=\"744d968\" data-element_type=\"column\">\n\t\t\t<div class=\"elementor-widget-wrap elementor-element-populated\">\n\t\t\t\t\t\t\t\t<div class=\"elementor-element elementor-element-cf7c3bc elementor-widget elementor-widget-heading\" data-id=\"cf7c3bc\" data-element_type=\"widget\" data-widget_type=\"heading.default\">\n\t\t\t\t<div class=\"elementor-widget-container\">\n\t\t\t<style>\/*! elementor - v3.10.2 - 29-01-2023 *\/\n.elementor-heading-title{padding:0;margin:0;line-height:1}.elementor-widget-heading .elementor-heading-title[class*=elementor-size-]>a{color:inherit;font-size:inherit;line-height:inherit}.elementor-widget-heading .elementor-heading-title.elementor-size-small{font-size:15px}.elementor-widget-heading .elementor-heading-title.elementor-size-medium{font-size:19px}.elementor-widget-heading .elementor-heading-title.elementor-size-large{font-size:29px}.elementor-widget-heading .elementor-heading-title.elementor-size-xl{font-size:39px}.elementor-widget-heading .elementor-heading-title.elementor-size-xxl{font-size:59px}<\/style><h2 class=\"elementor-heading-title elementor-size-default\">Ilha de Santo Aleixo<\/h2>\t\t<\/div>\n\t\t\t\t<\/div>\n\t\t\t\t\t<\/div>\n\t\t<\/div>\n\t\t\t\t\t\t\t<\/div>\n\t\t<\/section>\n\t\t\t\t<section class=\"elementor-section elementor-top-section elementor-element elementor-element-531c888 elementor-section-boxed elementor-section-height-default elementor-section-height-default\" data-id=\"531c888\" data-element_type=\"section\">\n\t\t\t\t\t\t<div class=\"elementor-container elementor-column-gap-default\">\n\t\t\t\t\t<div class=\"elementor-column elementor-col-100 elementor-top-column elementor-element elementor-element-4340335\" data-id=\"4340335\" data-element_type=\"column\">\n\t\t\t<div class=\"elementor-widget-wrap elementor-element-populated\">\n\t\t\t\t\t\t\t\t<div class=\"elementor-element elementor-element-b7b4414 elementor-widget elementor-widget-text-editor\" data-id=\"b7b4414\" data-element_type=\"widget\" data-widget_type=\"text-editor.default\">\n\t\t\t\t<div class=\"elementor-widget-container\">\n\t\t\t<style>\/*! elementor - v3.10.2 - 29-01-2023 *\/\n.elementor-widget-text-editor.elementor-drop-cap-view-stacked .elementor-drop-cap{background-color:#818a91;color:#fff}.elementor-widget-text-editor.elementor-drop-cap-view-framed .elementor-drop-cap{color:#818a91;border:3px solid;background-color:transparent}.elementor-widget-text-editor:not(.elementor-drop-cap-view-default) .elementor-drop-cap{margin-top:8px}.elementor-widget-text-editor:not(.elementor-drop-cap-view-default) .elementor-drop-cap-letter{width:1em;height:1em}.elementor-widget-text-editor .elementor-drop-cap{float:left;text-align:center;line-height:1;font-size:50px}.elementor-widget-text-editor .elementor-drop-cap-letter{display:inline-block}<\/style>\t\t\t\t<div class=\"flex-1 overflow-hidden\"><div class=\"react-scroll-to-bottom--css-huisj-79elbk h-full dark:bg-gray-800\"><div class=\"react-scroll-to-bottom--css-huisj-1n7m0yu\"><div class=\"flex flex-col items-center text-sm dark:bg-gray-800\"><div class=\"w-full border-b border-black\/10 dark:border-gray-900\/50 text-gray-800 dark:text-gray-100 group bg-gray-50 dark:bg-[#444654]\"><div class=\"text-base gap-4 md:gap-6 m-auto md:max-w-2xl lg:max-w-2xl xl:max-w-3xl p-4 md:py-6 flex lg:px-0\"><div class=\"relative flex w-[calc(100%-50px)] flex-col gap-1 md:gap-3 lg:w-[calc(100%-115px)]\"><div class=\"flex flex-grow flex-col gap-3\"><div class=\"min-h-[20px] flex flex-col items-start gap-4 whitespace-pre-wrap\"><div class=\"markdown prose w-full break-words dark:prose-invert dark\"><p>O Litoral Sul de Pernambuco \u00e9 uma regi\u00e3o localizada no estado brasileiro de Pernambuco, que abrange uma faixa costeira que se estende do Cabo de Santo Agostinho at\u00e9 a divisa com o estado de Alagoas. Essa regi\u00e3o \u00e9 conhecida por suas belas praias, rios, mangues e fal\u00e9sias coloridas.<\/p><p>Entre as principais praias do Litoral Sul de Pernambuco, destacam-se a Praia de Porto de Galinhas, eleita diversas vezes como uma das praias mais bonitas do Brasil, a Praia de Carneiros, que possui \u00e1guas cristalinas e uma rica vida marinha, e a Praia de Tamandar\u00e9, com suas piscinas naturais e recifes de corais.<\/p><p>Al\u00e9m das praias, a regi\u00e3o tamb\u00e9m oferece diversas op\u00e7\u00f5es de turismo ecol\u00f3gico, como os passeios de barco pelos manguezais, a trilha do Parque Nacional de Aroeiras, e a visita \u00e0 Ilha de Santo Aleixo.<\/p><p>A regi\u00e3o do Litoral Sul de Pernambuco \u00e9 rica em cultura e tradi\u00e7\u00e3o, com festividades populares como o Carnaval de Tamandar\u00e9 e o S\u00e3o Jo\u00e3o de Ipojuca, al\u00e9m da culin\u00e1ria t\u00edpica, que inclui pratos como a moqueca de peixe, o escondidinho de carne de sol e a tapioca recheada.<\/p><p>No geral, o Litoral Sul de Pernambuco \u00e9 uma regi\u00e3o encantadora, que oferece diversas op\u00e7\u00f5es de lazer e entretenimento para seus visitantes, al\u00e9m de uma rica cultura e tradi\u00e7\u00e3o.<\/p><\/div><\/div><\/div><\/div><\/div><\/div><\/div><\/div><\/div><\/div>\t\t\t\t\t\t<\/div>\n\t\t\t\t<\/div>\n\t\t\t\t\t<\/div>\n\t\t<\/div>\n\t\t\t\t\t\t\t<\/div>\n\t\t<\/section>\n\t\t\t\t\t\t\t<\/div>\n\t\t","protected":false},"excerpt":{"rendered":"<p>Ilha de Santo Aleixo O Litoral Sul de Pernambuco \u00e9 uma regi\u00e3o localizada no estado brasileiro de Pernambuco, que abrange uma faixa costeira que se estende do Cabo de Santo Agostinho at\u00e9 a divisa com o estado de Alagoas. Essa regi\u00e3o \u00e9 conhecida por suas belas praias, rios, mangues e fal\u00e9sias coloridas. Entre as principais [&hellip;]<\/p>\n","protected":false},"author":1,"featured_media":0,"parent":0,"menu_order":0,"comment_status":"closed","ping_status":"closed","template":"","meta":{"om_disable_all_campaigns":false,"_mi_skip_tracking":false},"aioseo_notices":[],"_links":{"self":[{"href":"https:\/\/portodegalinhas.store\/index.php\/wp-json\/wp\/v2\/pages\/2210"}],"collection":[{"href":"https:\/\/portodegalinhas.store\/index.php\/wp-json\/wp\/v2\/pages"}],"about":[{"href":"https:\/\/portodegalinhas.store\/index.php\/wp-json\/wp\/v2\/types\/page"}],"author":[{"embeddable":true,"href":"https:\/\/portodegalinhas.store\/index.php\/wp-json\/wp\/v2\/users\/1"}],"replies":[{"embeddable":true,"href":"https:\/\/portodegalinhas.store\/index.php\/wp-json\/wp\/v2\/comments?post=2210"}],"version-history":[{"count":13,"href":"https:\/\/portodegalinhas.store\/index.php\/wp-json\/wp\/v2\/pages\/2210\/revisions"}],"predecessor-version":[{"id":2224,"href":"https:\/\/portodegalinhas.store\/index.php\/wp-json\/wp\/v2\/pages\/2210\/revisions\/2224"}],"wp:attachment":[{"href":"https:\/\/portodegalinhas.store\/index.php\/wp-json\/wp\/v2\/media?parent=2210"}],"curies":[{"name":"wp","href":"https:\/\/api.w.org\/{rel}","templated":true}]}}