{"id":1832,"date":"2023-02-15T00:20:11","date_gmt":"2023-02-15T00:20:11","guid":{"rendered":"https:\/\/portodegalinhas.store\/?page_id=1832"},"modified":"2023-02-16T17:12:42","modified_gmt":"2023-02-16T17:12:42","slug":"porto-de-galinhas","status":"publish","type":"page","link":"https:\/\/portodegalinhas.store\/index.php\/porto-de-galinhas\/","title":{"rendered":"Porto de Galinhas"},"content":{"rendered":"\t\t<div data-elementor-type=\"wp-page\" data-elementor-id=\"1832\" class=\"elementor elementor-1832\">\n\t\t\t\t\t\t\t\t\t<section class=\"elementor-section elementor-top-section elementor-element elementor-element-94a43e6 elementor-section-boxed elementor-section-height-default elementor-section-height-default\" data-id=\"94a43e6\" data-element_type=\"section\" data-settings=\"{&quot;background_background&quot;:&quot;classic&quot;}\">\n\t\t\t\t\t\t<div class=\"elementor-container elementor-column-gap-default\">\n\t\t\t\t\t<div class=\"elementor-column elementor-col-100 elementor-top-column elementor-element elementor-element-81d336b\" data-id=\"81d336b\" data-element_type=\"column\">\n\t\t\t<div class=\"elementor-widget-wrap elementor-element-populated\">\n\t\t\t\t\t\t\t\t<div class=\"elementor-element elementor-element-d4eb0f8 elementor-widget elementor-widget-heading\" data-id=\"d4eb0f8\" data-element_type=\"widget\" data-widget_type=\"heading.default\">\n\t\t\t\t<div class=\"elementor-widget-container\">\n\t\t\t<style>\/*! elementor - v3.10.2 - 29-01-2023 *\/\n.elementor-heading-title{padding:0;margin:0;line-height:1}.elementor-widget-heading .elementor-heading-title[class*=elementor-size-]>a{color:inherit;font-size:inherit;line-height:inherit}.elementor-widget-heading .elementor-heading-title.elementor-size-small{font-size:15px}.elementor-widget-heading .elementor-heading-title.elementor-size-medium{font-size:19px}.elementor-widget-heading .elementor-heading-title.elementor-size-large{font-size:29px}.elementor-widget-heading .elementor-heading-title.elementor-size-xl{font-size:39px}.elementor-widget-heading .elementor-heading-title.elementor-size-xxl{font-size:59px}<\/style><h2 class=\"elementor-heading-title elementor-size-default\">Porto de Galinhas<\/h2>\t\t<\/div>\n\t\t\t\t<\/div>\n\t\t\t\t\t<\/div>\n\t\t<\/div>\n\t\t\t\t\t\t\t<\/div>\n\t\t<\/section>\n\t\t\t\t<section class=\"elementor-section elementor-top-section elementor-element elementor-element-97e87c8 elementor-section-boxed elementor-section-height-default elementor-section-height-default\" data-id=\"97e87c8\" data-element_type=\"section\">\n\t\t\t\t\t\t<div class=\"elementor-container elementor-column-gap-default\">\n\t\t\t\t\t<div class=\"elementor-column elementor-col-100 elementor-top-column elementor-element elementor-element-4282f68\" data-id=\"4282f68\" data-element_type=\"column\">\n\t\t\t<div class=\"elementor-widget-wrap elementor-element-populated\">\n\t\t\t\t\t\t\t\t<div class=\"elementor-element elementor-element-8ce878b elementor-widget elementor-widget-text-editor\" data-id=\"8ce878b\" data-element_type=\"widget\" data-widget_type=\"text-editor.default\">\n\t\t\t\t<div class=\"elementor-widget-container\">\n\t\t\t<style>\/*! elementor - v3.10.2 - 29-01-2023 *\/\n.elementor-widget-text-editor.elementor-drop-cap-view-stacked .elementor-drop-cap{background-color:#818a91;color:#fff}.elementor-widget-text-editor.elementor-drop-cap-view-framed .elementor-drop-cap{color:#818a91;border:3px solid;background-color:transparent}.elementor-widget-text-editor:not(.elementor-drop-cap-view-default) .elementor-drop-cap{margin-top:8px}.elementor-widget-text-editor:not(.elementor-drop-cap-view-default) .elementor-drop-cap-letter{width:1em;height:1em}.elementor-widget-text-editor .elementor-drop-cap{float:left;text-align:center;line-height:1;font-size:50px}.elementor-widget-text-editor .elementor-drop-cap-letter{display:inline-block}<\/style>\t\t\t\t<p style=\"text-align: left;\">Porto de Galinhas, est\u00e1 localizada no munic\u00edpio de Ipojuca, no estado de Pernambuco, no Brasil. \u00c9 uma das praias mais conhecidas do Nordeste brasileiro, especialmente por suas \u00e1guas claras e mornas, piscinas naturais, recifes de corais e uma grande variedade de vida marinha.<\/p>\n<p style=\"text-align: left;\">Al\u00e9m disso, Porto de Galinhas tamb\u00e9m \u00e9 conhecida por sua infraestrutura tur\u00edstica, com hot\u00e9is, pousadas, restaurantes, lojas e v\u00e1rias op\u00e7\u00f5es de entretenimento. Durante o ver\u00e3o e em \u00e9pocas de alta temporada, a praia recebe milhares de turistas de todas as partes do mundo.<br><\/p>\n<p>As piscinas naturais s\u00e3o uma das principais atra\u00e7\u00f5es de Porto de Galinhas, e para acess\u00e1-las, \u00e9 preciso pegar uma jangada a partir do centro da vila. Durante o passeio, os visitantes podem admirar a fauna e a flora marinha, com destaque para os peixes coloridos, os corais e as tartarugas.<\/p>\n<p>Outras atividades populares em Porto de Galinhas incluem passeios de buggy, pr\u00e1tica de mergulho e snorkel, stand-up paddle, entre outras.&nbsp;<\/p><p>A regi\u00e3o tamb\u00e9m conta com outras praias e atrativos tur\u00edsticos pr\u00f3ximos, como a Praia de Maraca\u00edpe e a Ilha de Santo Aleixo.<br><\/p>\t\t\t\t\t\t<\/div>\n\t\t\t\t<\/div>\n\t\t\t\t\t<\/div>\n\t\t<\/div>\n\t\t\t\t\t\t\t<\/div>\n\t\t<\/section>\n\t\t\t\t\t\t\t<\/div>\n\t\t","protected":false},"excerpt":{"rendered":"<p>Porto de Galinhas Porto de Galinhas, est\u00e1 localizada no munic\u00edpio de Ipojuca, no estado de Pernambuco, no Brasil. \u00c9 uma das praias mais conhecidas do Nordeste brasileiro, especialmente por suas \u00e1guas claras e mornas, piscinas naturais, recifes de corais e uma grande variedade de vida marinha. Al\u00e9m disso, Porto de Galinhas tamb\u00e9m \u00e9 conhecida por [&hellip;]<\/p>\n","protected":false},"author":1,"featured_media":0,"parent":0,"menu_order":0,"comment_status":"closed","ping_status":"closed","template":"","meta":{"om_disable_all_campaigns":false,"_mi_skip_tracking":false},"aioseo_notices":[],"_links":{"self":[{"href":"https:\/\/portodegalinhas.store\/index.php\/wp-json\/wp\/v2\/pages\/1832"}],"collection":[{"href":"https:\/\/portodegalinhas.store\/index.php\/wp-json\/wp\/v2\/pages"}],"about":[{"href":"https:\/\/portodegalinhas.store\/index.php\/wp-json\/wp\/v2\/types\/page"}],"author":[{"embeddable":true,"href":"https:\/\/portodegalinhas.store\/index.php\/wp-json\/wp\/v2\/users\/1"}],"replies":[{"embeddable":true,"href":"https:\/\/portodegalinhas.store\/index.php\/wp-json\/wp\/v2\/comments?post=1832"}],"version-history":[{"count":40,"href":"https:\/\/portodegalinhas.store\/index.php\/wp-json\/wp\/v2\/pages\/1832\/revisions"}],"predecessor-version":[{"id":2186,"href":"https:\/\/portodegalinhas.store\/index.php\/wp-json\/wp\/v2\/pages\/1832\/revisions\/2186"}],"wp:attachment":[{"href":"https:\/\/portodegalinhas.store\/index.php\/wp-json\/wp\/v2\/media?parent=1832"}],"curies":[{"name":"wp","href":"https:\/\/api.w.org\/{rel}","templated":true}]}}