{"id":1826,"date":"2023-02-15T00:18:18","date_gmt":"2023-02-15T00:18:18","guid":{"rendered":"https:\/\/portodegalinhas.store\/?page_id=1826"},"modified":"2023-02-16T17:13:27","modified_gmt":"2023-02-16T17:13:27","slug":"serrambi","status":"publish","type":"page","link":"https:\/\/portodegalinhas.store\/index.php\/serrambi\/","title":{"rendered":"Serramb\u00ed"},"content":{"rendered":"\t\t<div data-elementor-type=\"wp-page\" data-elementor-id=\"1826\" class=\"elementor elementor-1826\">\n\t\t\t\t\t\t\t\t\t<section class=\"elementor-section elementor-top-section elementor-element elementor-element-7e9d759 elementor-section-boxed elementor-section-height-default elementor-section-height-default\" data-id=\"7e9d759\" data-element_type=\"section\" data-settings=\"{&quot;background_background&quot;:&quot;classic&quot;}\">\n\t\t\t\t\t\t<div class=\"elementor-container elementor-column-gap-default\">\n\t\t\t\t\t<div class=\"elementor-column elementor-col-100 elementor-top-column elementor-element elementor-element-71650c4\" data-id=\"71650c4\" data-element_type=\"column\">\n\t\t\t<div class=\"elementor-widget-wrap elementor-element-populated\">\n\t\t\t\t\t\t\t\t<div class=\"elementor-element elementor-element-8e84550 elementor-widget elementor-widget-heading\" data-id=\"8e84550\" data-element_type=\"widget\" data-widget_type=\"heading.default\">\n\t\t\t\t<div class=\"elementor-widget-container\">\n\t\t\t<style>\/*! elementor - v3.10.2 - 29-01-2023 *\/\n.elementor-heading-title{padding:0;margin:0;line-height:1}.elementor-widget-heading .elementor-heading-title[class*=elementor-size-]>a{color:inherit;font-size:inherit;line-height:inherit}.elementor-widget-heading .elementor-heading-title.elementor-size-small{font-size:15px}.elementor-widget-heading .elementor-heading-title.elementor-size-medium{font-size:19px}.elementor-widget-heading .elementor-heading-title.elementor-size-large{font-size:29px}.elementor-widget-heading .elementor-heading-title.elementor-size-xl{font-size:39px}.elementor-widget-heading .elementor-heading-title.elementor-size-xxl{font-size:59px}<\/style><h2 class=\"elementor-heading-title elementor-size-default\">Serramb\u00ed<\/h2>\t\t<\/div>\n\t\t\t\t<\/div>\n\t\t\t\t\t<\/div>\n\t\t<\/div>\n\t\t\t\t\t\t\t<\/div>\n\t\t<\/section>\n\t\t\t\t<section class=\"elementor-section elementor-top-section elementor-element elementor-element-2ba2580 elementor-section-boxed elementor-section-height-default elementor-section-height-default\" data-id=\"2ba2580\" data-element_type=\"section\">\n\t\t\t\t\t\t<div class=\"elementor-container elementor-column-gap-default\">\n\t\t\t\t\t<div class=\"elementor-column elementor-col-100 elementor-top-column elementor-element elementor-element-0f14fab\" data-id=\"0f14fab\" data-element_type=\"column\">\n\t\t\t<div class=\"elementor-widget-wrap elementor-element-populated\">\n\t\t\t\t\t\t\t\t<div class=\"elementor-element elementor-element-c90e41d elementor-widget elementor-widget-text-editor\" data-id=\"c90e41d\" data-element_type=\"widget\" data-widget_type=\"text-editor.default\">\n\t\t\t\t<div class=\"elementor-widget-container\">\n\t\t\t<style>\/*! elementor - v3.10.2 - 29-01-2023 *\/\n.elementor-widget-text-editor.elementor-drop-cap-view-stacked .elementor-drop-cap{background-color:#818a91;color:#fff}.elementor-widget-text-editor.elementor-drop-cap-view-framed .elementor-drop-cap{color:#818a91;border:3px solid;background-color:transparent}.elementor-widget-text-editor:not(.elementor-drop-cap-view-default) .elementor-drop-cap{margin-top:8px}.elementor-widget-text-editor:not(.elementor-drop-cap-view-default) .elementor-drop-cap-letter{width:1em;height:1em}.elementor-widget-text-editor .elementor-drop-cap{float:left;text-align:center;line-height:1;font-size:50px}.elementor-widget-text-editor .elementor-drop-cap-letter{display:inline-block}<\/style>\t\t\t\t<p>A Praia de Serrambi \u00e9 uma das praias mais belas do Litoral Sul de Pernambuco, localizada no munic\u00edpio de Ipojuca, a cerca de 70 km da capital Recife. A praia \u00e9 cercada por vegeta\u00e7\u00e3o nativa e tem como destaque a sua paisagem de mar calmo e areia fina.<\/p><p>Serrambi \u00e9 uma praia tranquila, ideal para quem busca sossego e tranquilidade. \u00c9 um lugar prop\u00edcio para a pr\u00e1tica de esportes aqu\u00e1ticos, como o surf, stand up paddle e caiaque. As \u00e1guas s\u00e3o cristalinas e mornas, com um tom de verde esmeralda que impressiona.<\/p><p>Na Praia de Serrambi, \u00e9 poss\u00edvel alugar equipamentos para mergulho livre e com cilindro, e fazer passeios de barco para conhecer a costa da regi\u00e3o. Al\u00e9m disso, a praia conta com uma boa infraestrutura de restaurantes e bares, que servem desde petiscos a pratos t\u00edpicos da culin\u00e1ria pernambucana.<\/p><p>A regi\u00e3o ao redor da Praia de Serrambi tamb\u00e9m oferece outras atra\u00e7\u00f5es tur\u00edsticas interessantes, como o Projeto Hippocampus, um centro de preserva\u00e7\u00e3o e pesquisa de cavalos-marinhos, e o Forte de Santo In\u00e1cio de Loyola, uma constru\u00e7\u00e3o hist\u00f3rica datada do s\u00e9culo XVII que serviu como prote\u00e7\u00e3o contra invas\u00f5es holandesas.<\/p><p>Em resumo, a Praia de Serrambi \u00e9 uma op\u00e7\u00e3o muito agrad\u00e1vel para quem busca um lugar tranquilo e bonito para descansar, com muitas op\u00e7\u00f5es de lazer e gastronomia t\u00edpica da regi\u00e3o.<\/p>\t\t\t\t\t\t<\/div>\n\t\t\t\t<\/div>\n\t\t\t\t\t<\/div>\n\t\t<\/div>\n\t\t\t\t\t\t\t<\/div>\n\t\t<\/section>\n\t\t\t\t\t\t\t<\/div>\n\t\t","protected":false},"excerpt":{"rendered":"<p>Serramb\u00ed A Praia de Serrambi \u00e9 uma das praias mais belas do Litoral Sul de Pernambuco, localizada no munic\u00edpio de Ipojuca, a cerca de 70 km da capital Recife. A praia \u00e9 cercada por vegeta\u00e7\u00e3o nativa e tem como destaque a sua paisagem de mar calmo e areia fina. Serrambi \u00e9 uma praia tranquila, ideal [&hellip;]<\/p>\n","protected":false},"author":1,"featured_media":0,"parent":0,"menu_order":0,"comment_status":"closed","ping_status":"closed","template":"","meta":{"om_disable_all_campaigns":false,"_mi_skip_tracking":false},"aioseo_notices":[],"_links":{"self":[{"href":"https:\/\/portodegalinhas.store\/index.php\/wp-json\/wp\/v2\/pages\/1826"}],"collection":[{"href":"https:\/\/portodegalinhas.store\/index.php\/wp-json\/wp\/v2\/pages"}],"about":[{"href":"https:\/\/portodegalinhas.store\/index.php\/wp-json\/wp\/v2\/types\/page"}],"author":[{"embeddable":true,"href":"https:\/\/portodegalinhas.store\/index.php\/wp-json\/wp\/v2\/users\/1"}],"replies":[{"embeddable":true,"href":"https:\/\/portodegalinhas.store\/index.php\/wp-json\/wp\/v2\/comments?post=1826"}],"version-history":[{"count":10,"href":"https:\/\/portodegalinhas.store\/index.php\/wp-json\/wp\/v2\/pages\/1826\/revisions"}],"predecessor-version":[{"id":2189,"href":"https:\/\/portodegalinhas.store\/index.php\/wp-json\/wp\/v2\/pages\/1826\/revisions\/2189"}],"wp:attachment":[{"href":"https:\/\/portodegalinhas.store\/index.php\/wp-json\/wp\/v2\/media?parent=1826"}],"curies":[{"name":"wp","href":"https:\/\/api.w.org\/{rel}","templated":true}]}}