{"id":1824,"date":"2023-02-15T00:16:51","date_gmt":"2023-02-15T00:16:51","guid":{"rendered":"https:\/\/portodegalinhas.store\/?page_id=1824"},"modified":"2023-02-16T17:19:53","modified_gmt":"2023-02-16T17:19:53","slug":"cupe","status":"publish","type":"page","link":"https:\/\/portodegalinhas.store\/index.php\/cupe\/","title":{"rendered":"Cupe"},"content":{"rendered":"\t\t<div data-elementor-type=\"wp-page\" data-elementor-id=\"1824\" class=\"elementor elementor-1824\">\n\t\t\t\t\t\t\t\t\t<section class=\"elementor-section elementor-top-section elementor-element elementor-element-b30918f elementor-section-boxed elementor-section-height-default elementor-section-height-default\" data-id=\"b30918f\" data-element_type=\"section\" data-settings=\"{&quot;background_background&quot;:&quot;classic&quot;}\">\n\t\t\t\t\t\t<div class=\"elementor-container elementor-column-gap-default\">\n\t\t\t\t\t<div class=\"elementor-column elementor-col-100 elementor-top-column elementor-element elementor-element-e23851c\" data-id=\"e23851c\" data-element_type=\"column\">\n\t\t\t<div class=\"elementor-widget-wrap elementor-element-populated\">\n\t\t\t\t\t\t\t\t<div class=\"elementor-element elementor-element-2bc8dcf elementor-widget elementor-widget-heading\" data-id=\"2bc8dcf\" data-element_type=\"widget\" data-widget_type=\"heading.default\">\n\t\t\t\t<div class=\"elementor-widget-container\">\n\t\t\t<style>\/*! elementor - v3.10.2 - 29-01-2023 *\/\n.elementor-heading-title{padding:0;margin:0;line-height:1}.elementor-widget-heading .elementor-heading-title[class*=elementor-size-]>a{color:inherit;font-size:inherit;line-height:inherit}.elementor-widget-heading .elementor-heading-title.elementor-size-small{font-size:15px}.elementor-widget-heading .elementor-heading-title.elementor-size-medium{font-size:19px}.elementor-widget-heading .elementor-heading-title.elementor-size-large{font-size:29px}.elementor-widget-heading .elementor-heading-title.elementor-size-xl{font-size:39px}.elementor-widget-heading .elementor-heading-title.elementor-size-xxl{font-size:59px}<\/style><h2 class=\"elementor-heading-title elementor-size-default\">Cupe<\/h2>\t\t<\/div>\n\t\t\t\t<\/div>\n\t\t\t\t\t<\/div>\n\t\t<\/div>\n\t\t\t\t\t\t\t<\/div>\n\t\t<\/section>\n\t\t\t\t<section class=\"elementor-section elementor-top-section elementor-element elementor-element-b651955 elementor-section-boxed elementor-section-height-default elementor-section-height-default\" data-id=\"b651955\" data-element_type=\"section\">\n\t\t\t\t\t\t<div class=\"elementor-container elementor-column-gap-default\">\n\t\t\t\t\t<div class=\"elementor-column elementor-col-100 elementor-top-column elementor-element elementor-element-04ad8ae\" data-id=\"04ad8ae\" data-element_type=\"column\">\n\t\t\t<div class=\"elementor-widget-wrap elementor-element-populated\">\n\t\t\t\t\t\t\t\t<div class=\"elementor-element elementor-element-185bfb5 elementor-widget elementor-widget-text-editor\" data-id=\"185bfb5\" data-element_type=\"widget\" data-widget_type=\"text-editor.default\">\n\t\t\t\t<div class=\"elementor-widget-container\">\n\t\t\t<style>\/*! elementor - v3.10.2 - 29-01-2023 *\/\n.elementor-widget-text-editor.elementor-drop-cap-view-stacked .elementor-drop-cap{background-color:#818a91;color:#fff}.elementor-widget-text-editor.elementor-drop-cap-view-framed .elementor-drop-cap{color:#818a91;border:3px solid;background-color:transparent}.elementor-widget-text-editor:not(.elementor-drop-cap-view-default) .elementor-drop-cap{margin-top:8px}.elementor-widget-text-editor:not(.elementor-drop-cap-view-default) .elementor-drop-cap-letter{width:1em;height:1em}.elementor-widget-text-editor .elementor-drop-cap{float:left;text-align:center;line-height:1;font-size:50px}.elementor-widget-text-editor .elementor-drop-cap-letter{display:inline-block}<\/style>\t\t\t\t<p>A Praia do Cupe \u00e9 uma das praias mais famosas do Litoral Sul de Pernambuco, localizada no munic\u00edpio de Ipojuca, a cerca de 7 km da Praia de Porto de Galinhas. A praia \u00e9 conhecida por suas \u00e1guas cristalinas e calmas, ideais para a pr\u00e1tica de esportes aqu\u00e1ticos, como o stand-up paddle, caiaque e mergulho.<\/p><p>A Praia do Cupe possui uma extensa faixa de areia branca e fina, onde \u00e9 poss\u00edvel caminhar e curtir o sol. A praia tamb\u00e9m conta com uma boa infraestrutura, com quiosques e bares que servem petiscos, bebidas e pratos t\u00edpicos da culin\u00e1ria pernambucana.<\/p><p>Uma das atra\u00e7\u00f5es mais famosas da Praia do Cupe \u00e9 a piscina natural, formada pelos recifes de corais. Na mar\u00e9 baixa, \u00e9 poss\u00edvel caminhar at\u00e9 a piscina e desfrutar de um banho em \u00e1guas cristalinas, rodeado por peixes coloridos e corais.<\/p><p>A Praia do Cupe tamb\u00e9m \u00e9 um excelente ponto de partida para passeios de barco pela regi\u00e3o. A partir da praia, \u00e9 poss\u00edvel conhecer outras praias e ilhas da regi\u00e3o, como a Praia de Muro Alto e a Ilha de Santo Aleixo.<\/p><p>No geral, a Praia do Cupe \u00e9 uma excelente op\u00e7\u00e3o para quem busca um lugar bonito e tranquilo para descansar e se divertir, com muitas op\u00e7\u00f5es de lazer e gastronomia t\u00edpica da regi\u00e3o.<\/p>\t\t\t\t\t\t<\/div>\n\t\t\t\t<\/div>\n\t\t\t\t\t<\/div>\n\t\t<\/div>\n\t\t\t\t\t\t\t<\/div>\n\t\t<\/section>\n\t\t\t\t\t\t\t<\/div>\n\t\t","protected":false},"excerpt":{"rendered":"<p>Cupe A Praia do Cupe \u00e9 uma das praias mais famosas do Litoral Sul de Pernambuco, localizada no munic\u00edpio de Ipojuca, a cerca de 7 km da Praia de Porto de Galinhas. A praia \u00e9 conhecida por suas \u00e1guas cristalinas e calmas, ideais para a pr\u00e1tica de esportes aqu\u00e1ticos, como o stand-up paddle, caiaque e [&hellip;]<\/p>\n","protected":false},"author":1,"featured_media":0,"parent":0,"menu_order":0,"comment_status":"closed","ping_status":"closed","template":"","meta":{"om_disable_all_campaigns":false,"_mi_skip_tracking":false},"aioseo_notices":[],"_links":{"self":[{"href":"https:\/\/portodegalinhas.store\/index.php\/wp-json\/wp\/v2\/pages\/1824"}],"collection":[{"href":"https:\/\/portodegalinhas.store\/index.php\/wp-json\/wp\/v2\/pages"}],"about":[{"href":"https:\/\/portodegalinhas.store\/index.php\/wp-json\/wp\/v2\/types\/page"}],"author":[{"embeddable":true,"href":"https:\/\/portodegalinhas.store\/index.php\/wp-json\/wp\/v2\/users\/1"}],"replies":[{"embeddable":true,"href":"https:\/\/portodegalinhas.store\/index.php\/wp-json\/wp\/v2\/comments?post=1824"}],"version-history":[{"count":13,"href":"https:\/\/portodegalinhas.store\/index.php\/wp-json\/wp\/v2\/pages\/1824\/revisions"}],"predecessor-version":[{"id":2195,"href":"https:\/\/portodegalinhas.store\/index.php\/wp-json\/wp\/v2\/pages\/1824\/revisions\/2195"}],"wp:attachment":[{"href":"https:\/\/portodegalinhas.store\/index.php\/wp-json\/wp\/v2\/media?parent=1824"}],"curies":[{"name":"wp","href":"https:\/\/api.w.org\/{rel}","templated":true}]}}