{"id":1820,"date":"2023-02-15T00:14:50","date_gmt":"2023-02-15T00:14:50","guid":{"rendered":"https:\/\/portodegalinhas.store\/?page_id=1820"},"modified":"2023-02-16T17:20:49","modified_gmt":"2023-02-16T17:20:49","slug":"maracaipe","status":"publish","type":"page","link":"https:\/\/portodegalinhas.store\/index.php\/maracaipe\/","title":{"rendered":"Maraca\u00edpe"},"content":{"rendered":"\t\t<div data-elementor-type=\"wp-page\" data-elementor-id=\"1820\" class=\"elementor elementor-1820\">\n\t\t\t\t\t\t\t\t\t<section class=\"elementor-section elementor-top-section elementor-element elementor-element-59b1407 elementor-section-boxed elementor-section-height-default elementor-section-height-default\" data-id=\"59b1407\" data-element_type=\"section\" data-settings=\"{&quot;background_background&quot;:&quot;classic&quot;}\">\n\t\t\t\t\t\t<div class=\"elementor-container elementor-column-gap-default\">\n\t\t\t\t\t<div class=\"elementor-column elementor-col-100 elementor-top-column elementor-element elementor-element-f10871b\" data-id=\"f10871b\" data-element_type=\"column\">\n\t\t\t<div class=\"elementor-widget-wrap elementor-element-populated\">\n\t\t\t\t\t\t\t\t<div class=\"elementor-element elementor-element-d46c66f elementor-widget elementor-widget-heading\" data-id=\"d46c66f\" data-element_type=\"widget\" data-widget_type=\"heading.default\">\n\t\t\t\t<div class=\"elementor-widget-container\">\n\t\t\t<style>\/*! elementor - v3.10.2 - 29-01-2023 *\/\n.elementor-heading-title{padding:0;margin:0;line-height:1}.elementor-widget-heading .elementor-heading-title[class*=elementor-size-]>a{color:inherit;font-size:inherit;line-height:inherit}.elementor-widget-heading .elementor-heading-title.elementor-size-small{font-size:15px}.elementor-widget-heading .elementor-heading-title.elementor-size-medium{font-size:19px}.elementor-widget-heading .elementor-heading-title.elementor-size-large{font-size:29px}.elementor-widget-heading .elementor-heading-title.elementor-size-xl{font-size:39px}.elementor-widget-heading .elementor-heading-title.elementor-size-xxl{font-size:59px}<\/style><h2 class=\"elementor-heading-title elementor-size-default\">Maraca\u00edpe<\/h2>\t\t<\/div>\n\t\t\t\t<\/div>\n\t\t\t\t\t<\/div>\n\t\t<\/div>\n\t\t\t\t\t\t\t<\/div>\n\t\t<\/section>\n\t\t\t\t<section class=\"elementor-section elementor-top-section elementor-element elementor-element-95c98ef elementor-section-boxed elementor-section-height-default elementor-section-height-default\" data-id=\"95c98ef\" data-element_type=\"section\">\n\t\t\t\t\t\t<div class=\"elementor-container elementor-column-gap-default\">\n\t\t\t\t\t<div class=\"elementor-column elementor-col-100 elementor-top-column elementor-element elementor-element-4d282b3\" data-id=\"4d282b3\" data-element_type=\"column\">\n\t\t\t<div class=\"elementor-widget-wrap elementor-element-populated\">\n\t\t\t\t\t\t\t\t<div class=\"elementor-element elementor-element-5f9d150 elementor-widget elementor-widget-text-editor\" data-id=\"5f9d150\" data-element_type=\"widget\" data-widget_type=\"text-editor.default\">\n\t\t\t\t<div class=\"elementor-widget-container\">\n\t\t\t<style>\/*! elementor - v3.10.2 - 29-01-2023 *\/\n.elementor-widget-text-editor.elementor-drop-cap-view-stacked .elementor-drop-cap{background-color:#818a91;color:#fff}.elementor-widget-text-editor.elementor-drop-cap-view-framed .elementor-drop-cap{color:#818a91;border:3px solid;background-color:transparent}.elementor-widget-text-editor:not(.elementor-drop-cap-view-default) .elementor-drop-cap{margin-top:8px}.elementor-widget-text-editor:not(.elementor-drop-cap-view-default) .elementor-drop-cap-letter{width:1em;height:1em}.elementor-widget-text-editor .elementor-drop-cap{float:left;text-align:center;line-height:1;font-size:50px}.elementor-widget-text-editor .elementor-drop-cap-letter{display:inline-block}<\/style>\t\t\t\t<p>Maraca\u00edpe \u00e9 uma praia localizada no munic\u00edpio de Ipojuca, no estado de Pernambuco. A praia \u00e9 muito conhecida por sua beleza natural, ondas fortes e tubulares que atraem surfistas de todo o mundo, al\u00e9m de ser um importante ponto de desova de tartarugas marinhas.<\/p><p>Al\u00e9m do surf, Maraca\u00edpe tamb\u00e9m \u00e9 um lugar ideal para a pr\u00e1tica de outros esportes aqu\u00e1ticos, como kitesurf, windsurf, stand-up paddle e bodyboarding. A praia conta com uma boa infraestrutura tur\u00edstica, com diversas barracas que oferecem comida e bebida, al\u00e9m de aluguel de equipamentos de esportes n\u00e1uticos.<\/p><p>A regi\u00e3o de Maraca\u00edpe tamb\u00e9m \u00e9 um importante ber\u00e7\u00e1rio de cavalos-marinhos, e existem passeios de jangada que levam os visitantes para conhecer a fauna e a flora marinha da regi\u00e3o, incluindo os cavalos-marinhos e outras esp\u00e9cies de peixes e corais.<\/p><p>Outra atra\u00e7\u00e3o tur\u00edstica de Maraca\u00edpe \u00e9 o Pontal de Maraca\u00edpe, que \u00e9 uma estreita faixa de areia que se forma entre o rio e o mar na mar\u00e9 baixa, criando uma paisagem \u00fanica e bela. Na regi\u00e3o do Pontal tamb\u00e9m \u00e9 poss\u00edvel encontrar v\u00e1rias barracas que oferecem comida t\u00edpica da regi\u00e3o, como peixes e frutos do mar.<\/p>\t\t\t\t\t\t<\/div>\n\t\t\t\t<\/div>\n\t\t\t\t\t<\/div>\n\t\t<\/div>\n\t\t\t\t\t\t\t<\/div>\n\t\t<\/section>\n\t\t\t\t\t\t\t<\/div>\n\t\t","protected":false},"excerpt":{"rendered":"<p>Maraca\u00edpe Maraca\u00edpe \u00e9 uma praia localizada no munic\u00edpio de Ipojuca, no estado de Pernambuco. A praia \u00e9 muito conhecida por sua beleza natural, ondas fortes e tubulares que atraem surfistas de todo o mundo, al\u00e9m de ser um importante ponto de desova de tartarugas marinhas. Al\u00e9m do surf, Maraca\u00edpe tamb\u00e9m \u00e9 um lugar ideal para [&hellip;]<\/p>\n","protected":false},"author":1,"featured_media":0,"parent":0,"menu_order":0,"comment_status":"closed","ping_status":"closed","template":"","meta":{"om_disable_all_campaigns":false,"_mi_skip_tracking":false},"aioseo_notices":[],"_links":{"self":[{"href":"https:\/\/portodegalinhas.store\/index.php\/wp-json\/wp\/v2\/pages\/1820"}],"collection":[{"href":"https:\/\/portodegalinhas.store\/index.php\/wp-json\/wp\/v2\/pages"}],"about":[{"href":"https:\/\/portodegalinhas.store\/index.php\/wp-json\/wp\/v2\/types\/page"}],"author":[{"embeddable":true,"href":"https:\/\/portodegalinhas.store\/index.php\/wp-json\/wp\/v2\/users\/1"}],"replies":[{"embeddable":true,"href":"https:\/\/portodegalinhas.store\/index.php\/wp-json\/wp\/v2\/comments?post=1820"}],"version-history":[{"count":13,"href":"https:\/\/portodegalinhas.store\/index.php\/wp-json\/wp\/v2\/pages\/1820\/revisions"}],"predecessor-version":[{"id":2198,"href":"https:\/\/portodegalinhas.store\/index.php\/wp-json\/wp\/v2\/pages\/1820\/revisions\/2198"}],"wp:attachment":[{"href":"https:\/\/portodegalinhas.store\/index.php\/wp-json\/wp\/v2\/media?parent=1820"}],"curies":[{"name":"wp","href":"https:\/\/api.w.org\/{rel}","templated":true}]}}