{"id":12,"date":"2023-02-09T00:17:07","date_gmt":"2023-02-09T00:17:07","guid":{"rendered":"https:\/\/portodegalinhas.store\/?page_id=12"},"modified":"2023-02-16T17:33:33","modified_gmt":"2023-02-16T17:33:33","slug":"praias","status":"publish","type":"page","link":"https:\/\/portodegalinhas.store\/index.php\/praias\/","title":{"rendered":"Praias"},"content":{"rendered":"\t\t<div data-elementor-type=\"wp-page\" data-elementor-id=\"12\" class=\"elementor elementor-12\">\n\t\t\t\t\t\t\t\t\t<section class=\"elementor-section elementor-top-section elementor-element elementor-element-56a83db elementor-section-boxed elementor-section-height-default elementor-section-height-default\" data-id=\"56a83db\" data-element_type=\"section\" data-settings=\"{&quot;background_background&quot;:&quot;classic&quot;}\">\n\t\t\t\t\t\t<div class=\"elementor-container elementor-column-gap-default\">\n\t\t\t\t\t<div class=\"elementor-column elementor-col-100 elementor-top-column elementor-element elementor-element-ae7582b\" data-id=\"ae7582b\" data-element_type=\"column\">\n\t\t\t<div class=\"elementor-widget-wrap elementor-element-populated\">\n\t\t\t\t\t\t\t\t<div class=\"elementor-element elementor-element-edc6482 elementor-widget elementor-widget-heading\" data-id=\"edc6482\" data-element_type=\"widget\" data-widget_type=\"heading.default\">\n\t\t\t\t<div class=\"elementor-widget-container\">\n\t\t\t<style>\/*! elementor - v3.10.2 - 29-01-2023 *\/\n.elementor-heading-title{padding:0;margin:0;line-height:1}.elementor-widget-heading .elementor-heading-title[class*=elementor-size-]>a{color:inherit;font-size:inherit;line-height:inherit}.elementor-widget-heading .elementor-heading-title.elementor-size-small{font-size:15px}.elementor-widget-heading .elementor-heading-title.elementor-size-medium{font-size:19px}.elementor-widget-heading .elementor-heading-title.elementor-size-large{font-size:29px}.elementor-widget-heading .elementor-heading-title.elementor-size-xl{font-size:39px}.elementor-widget-heading .elementor-heading-title.elementor-size-xxl{font-size:59px}<\/style><h2 class=\"elementor-heading-title elementor-size-default\">Praias do Litoral Sul do Pernambuco<\/h2>\t\t<\/div>\n\t\t\t\t<\/div>\n\t\t\t\t\t<\/div>\n\t\t<\/div>\n\t\t\t\t\t\t\t<\/div>\n\t\t<\/section>\n\t\t\t\t<section class=\"elementor-section elementor-top-section elementor-element elementor-element-9cc3a8f elementor-section-boxed elementor-section-height-default elementor-section-height-default\" data-id=\"9cc3a8f\" data-element_type=\"section\">\n\t\t\t\t\t\t<div class=\"elementor-container elementor-column-gap-default\">\n\t\t\t\t\t<div class=\"elementor-column elementor-col-100 elementor-top-column elementor-element elementor-element-c7c457c\" data-id=\"c7c457c\" data-element_type=\"column\">\n\t\t\t<div class=\"elementor-widget-wrap elementor-element-populated\">\n\t\t\t\t\t\t\t\t<div class=\"elementor-element elementor-element-3bf410c elementor-widget elementor-widget-text-editor\" data-id=\"3bf410c\" data-element_type=\"widget\" data-widget_type=\"text-editor.default\">\n\t\t\t\t<div class=\"elementor-widget-container\">\n\t\t\t<style>\/*! elementor - v3.10.2 - 29-01-2023 *\/\n.elementor-widget-text-editor.elementor-drop-cap-view-stacked .elementor-drop-cap{background-color:#818a91;color:#fff}.elementor-widget-text-editor.elementor-drop-cap-view-framed .elementor-drop-cap{color:#818a91;border:3px solid;background-color:transparent}.elementor-widget-text-editor:not(.elementor-drop-cap-view-default) .elementor-drop-cap{margin-top:8px}.elementor-widget-text-editor:not(.elementor-drop-cap-view-default) .elementor-drop-cap-letter{width:1em;height:1em}.elementor-widget-text-editor .elementor-drop-cap{float:left;text-align:center;line-height:1;font-size:50px}.elementor-widget-text-editor .elementor-drop-cap-letter{display:inline-block}<\/style>\t\t\t\t<div class=\"flex-1 overflow-hidden\"><div class=\"react-scroll-to-bottom--css-huisj-79elbk h-full dark:bg-gray-800\"><div class=\"react-scroll-to-bottom--css-huisj-1n7m0yu\"><div class=\"flex flex-col items-center text-sm dark:bg-gray-800\"><div class=\"w-full border-b border-black\/10 dark:border-gray-900\/50 text-gray-800 dark:text-gray-100 group bg-gray-50 dark:bg-[#444654]\"><div class=\"text-base gap-4 md:gap-6 m-auto md:max-w-2xl lg:max-w-2xl xl:max-w-3xl p-4 md:py-6 flex lg:px-0\"><div class=\"relative flex w-[calc(100%-50px)] flex-col gap-1 md:gap-3 lg:w-[calc(100%-115px)]\"><div class=\"flex flex-grow flex-col gap-3\"><div class=\"min-h-[20px] flex flex-col items-start gap-4 whitespace-pre-wrap\"><div class=\"markdown prose w-full break-words dark:prose-invert dark\"><p>A Ilha de Santo Aleixo \u00e9 um pequeno para\u00edso localizado a cerca de 2 km da costa de Pernambuco, na regi\u00e3o de Porto de Galinhas. Com apenas 500 metros de comprimento e 300 metros de largura, a ilha \u00e9 um verdadeiro ref\u00fagio natural, cercada por \u00e1guas cristalinas e uma vegeta\u00e7\u00e3o exuberante.<\/p><p>A ilha \u00e9 famosa por suas praias de areia branca e fina, \u00e1guas cristalinas e pela preserva\u00e7\u00e3o do ecossistema local. \u00c9 um lugar ideal para quem busca tranquilidade e contato com a natureza. Al\u00e9m disso, a ilha oferece muitas op\u00e7\u00f5es de lazer, como a pr\u00e1tica de mergulho, snorkeling, caiaque e stand-up paddle, que permitem explorar a beleza marinha da regi\u00e3o.<\/p><p>A Ilha de Santo Aleixo \u00e9 protegida por um recife de coral que forma uma grande piscina natural, com \u00e1guas calmas e cristalinas, ideal para banho e para a pr\u00e1tica de esportes aqu\u00e1ticos. A ilha tamb\u00e9m \u00e9 um local de desova de tartarugas marinhas, e \u00e9 poss\u00edvel observ\u00e1-las em algumas \u00e9pocas do ano.<\/p><p>A ilha conta com uma boa infraestrutura para receber os turistas, com bares e restaurantes que oferecem petiscos, bebidas e pratos t\u00edpicos da culin\u00e1ria pernambucana. Al\u00e9m disso, \u00e9 poss\u00edvel alugar equipamentos para a pr\u00e1tica de esportes aqu\u00e1ticos e contratar passeios de barco para conhecer outras praias e atrativos tur\u00edsticos da regi\u00e3o.<\/p><p>Em resumo, a Ilha de Santo Aleixo \u00e9 um lugar incr\u00edvel para quem busca um ambiente tranquilo e bonito para descansar, com muitas op\u00e7\u00f5es de lazer e gastronomia t\u00edpica da regi\u00e3o. A beleza natural e a preserva\u00e7\u00e3o do ecossistema tornam esse lugar um destino imperd\u00edvel para quem visita o Litoral Sul de Pernambuco.<\/p><\/div><\/div><\/div><\/div><\/div><\/div><\/div><\/div><\/div><\/div>\t\t\t\t\t\t<\/div>\n\t\t\t\t<\/div>\n\t\t\t\t\t<\/div>\n\t\t<\/div>\n\t\t\t\t\t\t\t<\/div>\n\t\t<\/section>\n\t\t\t\t\t\t\t<\/div>\n\t\t","protected":false},"excerpt":{"rendered":"<p>Praias do Litoral Sul do Pernambuco A Ilha de Santo Aleixo \u00e9 um pequeno para\u00edso localizado a cerca de 2 km da costa de Pernambuco, na regi\u00e3o de Porto de Galinhas. Com apenas 500 metros de comprimento e 300 metros de largura, a ilha \u00e9 um verdadeiro ref\u00fagio natural, cercada por \u00e1guas cristalinas e uma [&hellip;]<\/p>\n","protected":false},"author":1,"featured_media":0,"parent":0,"menu_order":0,"comment_status":"closed","ping_status":"closed","template":"","meta":{"om_disable_all_campaigns":false,"_mi_skip_tracking":false},"aioseo_notices":[],"_links":{"self":[{"href":"https:\/\/portodegalinhas.store\/index.php\/wp-json\/wp\/v2\/pages\/12"}],"collection":[{"href":"https:\/\/portodegalinhas.store\/index.php\/wp-json\/wp\/v2\/pages"}],"about":[{"href":"https:\/\/portodegalinhas.store\/index.php\/wp-json\/wp\/v2\/types\/page"}],"author":[{"embeddable":true,"href":"https:\/\/portodegalinhas.store\/index.php\/wp-json\/wp\/v2\/users\/1"}],"replies":[{"embeddable":true,"href":"https:\/\/portodegalinhas.store\/index.php\/wp-json\/wp\/v2\/comments?post=12"}],"version-history":[{"count":59,"href":"https:\/\/portodegalinhas.store\/index.php\/wp-json\/wp\/v2\/pages\/12\/revisions"}],"predecessor-version":[{"id":2227,"href":"https:\/\/portodegalinhas.store\/index.php\/wp-json\/wp\/v2\/pages\/12\/revisions\/2227"}],"wp:attachment":[{"href":"https:\/\/portodegalinhas.store\/index.php\/wp-json\/wp\/v2\/media?parent=12"}],"curies":[{"name":"wp","href":"https:\/\/api.w.org\/{rel}","templated":true}]}}